{"id":60,"date":"2019-03-20T11:46:21","date_gmt":"2019-03-20T11:46:21","guid":{"rendered":"http:\/\/regiosaatgut-nrw.de\/?page_id=60"},"modified":"2022-11-08T10:29:41","modified_gmt":"2022-11-08T10:29:41","slug":"regiosaatgut-fuer-nrw","status":"publish","type":"page","link":"https:\/\/regiosaatgut-nrw.de\/","title":{"rendered":"Regiosaatgut f\u00fcr NRW"},"content":{"rendered":"\n<p>Seit dem 02.03.2020 ist bei Ansaaten in der freien Landschaft die Verwendung von gebietsheimischen Arten und Herk\u00fcnften vorgeschrieben (\u00a7 40 Bundesnaturschutz-gesetz). In Nordrein-Westfalen sind als Vorkommensgebiete im Sinne des \u00a7 40 BNatSchG die <a rel=\"noreferrer noopener\" href=\"http:\/\/www.regionalisierte-pflanzenproduktion.de\/918.html\" target=\"_blank\">22 Ursprun<\/a><a href=\"http:\/\/www.regionalisierte-pflanzenproduktion.de\/918.html\">gsgebieten <\/a>des Regiosaatgutkonzeptes bzw. der Erhaltungsmischungs-verordnung als Mindeststandard ma\u00dfgeblich. Dies sind in erster Linie die Ursprungsgebiete 1 (Nordwestdeutsches Tiefland), 2 (Westdeutsches Tiefland mit Unterem Weserbergland), 6 (Oberes Weserbergland) und 7 (Rheinisches Bergland). Kleinere s\u00fcd\u00f6stliche Randbereiche geh\u00f6ren zur Region 21 (Hessisches Bergland).<\/p>\n\n\n\n<figure class=\"wp-block-image\"><img loading=\"lazy\" width=\"794\" height=\"794\" src=\"http:\/\/regiosaatgut-nrw.de\/wp-content\/uploads\/2019\/03\/karte.jpg\" alt=\"\" class=\"wp-image-19\" srcset=\"https:\/\/regiosaatgut-nrw.de\/wp-content\/uploads\/2019\/03\/karte.jpg 794w, https:\/\/regiosaatgut-nrw.de\/wp-content\/uploads\/2019\/03\/karte-150x150.jpg 150w, https:\/\/regiosaatgut-nrw.de\/wp-content\/uploads\/2019\/03\/karte-300x300.jpg 300w, https:\/\/regiosaatgut-nrw.de\/wp-content\/uploads\/2019\/03\/karte-768x768.jpg 768w, https:\/\/regiosaatgut-nrw.de\/wp-content\/uploads\/2019\/03\/karte-100x100.jpg 100w\" sizes=\"(max-width: 706px) 89vw, (max-width: 767px) 82vw, 740px\" \/><\/figure>\n\n\n\n<p>Artenreiche standortangepasste Regiosaatgut-Mischungen (RegioZert) sind f\u00fcr alle NRW betreffenden Ursprungsgebiete verf\u00fcgbar. <strong>Ein genehmigungspflichtiger Ersatz aus anderen Ursprungsgebieten ist nicht notwendig.<\/strong> &nbsp; Um eine Florenverf\u00e4lschung zu verhindern umfasst das Artenspektrum ausschlie\u00dflich Arten, die im jeweiligen Ursprungsgebiet weit verbreitet sind und orientiert sich am <a href=\"https:\/\/regionalisierte-pflanzenproduktion.de\/artenfilter.htm\" data-type=\"URL\" data-id=\"https:\/\/regionalisierte-pflanzenproduktion.de\/artenfilter.htm\" target=\"_blank\" rel=\"noreferrer noopener\">Artenfilter Regiosaatgut<\/a>. Seltene oder nicht fl\u00e4chendeckend verbreitete Arten haben im Regiosaatgut nichts zu suchen. Die Ausbringung solcher Arten bedarf einer intensiven fachlichen Begleitung und einer in der Regel wesentlich h\u00f6heren Herkunftsqualit\u00e4t.<\/p>\n\n\n\n<p>Sie interessieren sich f\u00fcr Regiosaatgut aus NRW? Gerne unterbreiten wir Ihnen ein individuelles Angebot.<\/p>\n\n\n\n<p><\/p>\n","protected":false},"excerpt":{"rendered":"<p>Seit dem 02.03.2020 ist bei Ansaaten in der freien Landschaft die Verwendung von gebietsheimischen Arten und Herk\u00fcnften vorgeschrieben (\u00a7 40 Bundesnaturschutz-gesetz). In Nordrein-Westfalen sind als Vorkommensgebiete im Sinne des \u00a7 40 BNatSchG die 22 Ursprungsgebieten des Regiosaatgutkonzeptes bzw. der Erhaltungsmischungs-verordnung als Mindeststandard ma\u00dfgeblich. Dies sind in erster Linie die Ursprungsgebiete 1 (Nordwestdeutsches Tiefland), 2 (Westdeutsches &hellip; <\/p>\n<p class=\"link-more\"><a href=\"https:\/\/regiosaatgut-nrw.de\/\" class=\"more-link\"><span class=\"screen-reader-text\">\u201eRegiosaatgut f\u00fcr NRW\u201c<\/span> weiterlesen<\/a><\/p>\n","protected":false},"author":1,"featured_media":0,"parent":0,"menu_order":0,"comment_status":"closed","ping_status":"closed","template":"","meta":[],"_links":{"self":[{"href":"https:\/\/regiosaatgut-nrw.de\/index.php?rest_route=\/wp\/v2\/pages\/60"}],"collection":[{"href":"https:\/\/regiosaatgut-nrw.de\/index.php?rest_route=\/wp\/v2\/pages"}],"about":[{"href":"https:\/\/regiosaatgut-nrw.de\/index.php?rest_route=\/wp\/v2\/types\/page"}],"author":[{"embeddable":true,"href":"https:\/\/regiosaatgut-nrw.de\/index.php?rest_route=\/wp\/v2\/users\/1"}],"replies":[{"embeddable":true,"href":"https:\/\/regiosaatgut-nrw.de\/index.php?rest_route=%2Fwp%2Fv2%2Fcomments&post=60"}],"version-history":[{"count":4,"href":"https:\/\/regiosaatgut-nrw.de\/index.php?rest_route=\/wp\/v2\/pages\/60\/revisions"}],"predecessor-version":[{"id":131,"href":"https:\/\/regiosaatgut-nrw.de\/index.php?rest_route=\/wp\/v2\/pages\/60\/revisions\/131"}],"wp:attachment":[{"href":"https:\/\/regiosaatgut-nrw.de\/index.php?rest_route=%2Fwp%2Fv2%2Fmedia&parent=60"}],"curies":[{"name":"wp","href":"https:\/\/api.w.org\/{rel}","templated":true}]}}