{"id":66,"date":"2019-03-20T11:51:43","date_gmt":"2019-03-20T11:51:43","guid":{"rendered":"http:\/\/regiosaatgut-nrw.de\/?page_id=66"},"modified":"2019-04-01T06:42:06","modified_gmt":"2019-04-01T06:42:06","slug":"spenderflaechen","status":"publish","type":"page","link":"http:\/\/regiosaatgut-nrw.de\/?page_id=66","title":{"rendered":"Spenderfl\u00e4chen"},"content":{"rendered":"\n<p>Das Ausgangssaatgut f\u00fcr unsere Vermehrungen stammt ausschlie\u00dflich aus beh\u00f6rdlich genehmigten Aufsammlungen. Seit 2009 sammele ich in NRW in Naturschutzgebieten, gesetzlich gesch\u00fctzten Biotopen und sonstigen alten Kulturgraslandgebieten unterschiedlicher Naturr\u00e4ume. Um die genetische Ausstattung des jeweiligen Ursprungsgebietes m\u00f6glichst gut abzubilden, besammeln wir pro Art und Ursprungsgebiet mindestens 5 Spenderpopulationen.  <\/p>\n\n\n\n<p>Eine Auflistung der besammelten und vermehrten Arten, die Aufsammlungsorte (auf Landkreisebene) sowie der  zugeh\u00f6rigen Sammelgenehmigungen kann hier eingesehen werden:<\/p>\n\n\n\n<p><a href=\"http:\/\/regiosaatgut-nrw.de\/wp-content\/uploads\/2019\/03\/Vermehrte-Arten-UG-1.pdf\">Nordwestdeutsches Tiefland (UG 1)<\/a><\/p>\n\n\n\n<p><a href=\"http:\/\/regiosaatgut-nrw.de\/wp-content\/uploads\/2019\/03\/Vermehrte-Arten-UG-2.pdf\">Westdeutsches Tiefland mit Unterem Weserbergland (UG 2)<\/a><\/p>\n\n\n\n<p><a href=\"http:\/\/regiosaatgut-nrw.de\/wp-content\/uploads\/2019\/03\/Vermehrte-Arten-UG-6.pdf\">Oberes Weser- und Leinebergland (UG 6)<\/a><\/p>\n\n\n\n<p><a href=\"http:\/\/regiosaatgut-nrw.de\/wp-content\/uploads\/2019\/03\/Vermehrte-Arten-UG-7.pdf\">Rheinisches Bergland (UG 7)<\/a><\/p>\n\n\n\n<p><a href=\"http:\/\/regiosaatgut-nrw.de\/wp-content\/uploads\/2019\/03\/Vermehrte-Arten-UG-21.pdf\">Hessisches Bergland (UG 21)<\/a><\/p>\n\n\n\n<p>Fotos ausgew\u00e4hlter Spenderfl\u00e4chen erscheinen im Header der Startseite.<\/p>\n","protected":false},"excerpt":{"rendered":"<p>Das Ausgangssaatgut f\u00fcr unsere Vermehrungen stammt ausschlie\u00dflich aus beh\u00f6rdlich genehmigten Aufsammlungen. Seit 2009 sammele ich in NRW in Naturschutzgebieten, gesetzlich gesch\u00fctzten Biotopen und sonstigen alten Kulturgraslandgebieten unterschiedlicher Naturr\u00e4ume. Um die genetische Ausstattung des jeweiligen Ursprungsgebietes m\u00f6glichst gut abzubilden, besammeln wir pro Art und Ursprungsgebiet mindestens 5 Spenderpopulationen. Eine Auflistung der besammelten und vermehrten Arten, die &hellip; <\/p>\n<p class=\"link-more\"><a href=\"http:\/\/regiosaatgut-nrw.de\/?page_id=66\" class=\"more-link\"><span class=\"screen-reader-text\">\u201eSpenderfl\u00e4chen\u201c<\/span> weiterlesen<\/a><\/p>\n","protected":false},"author":1,"featured_media":0,"parent":0,"menu_order":0,"comment_status":"closed","ping_status":"closed","template":"","meta":[],"_links":{"self":[{"href":"http:\/\/regiosaatgut-nrw.de\/index.php?rest_route=\/wp\/v2\/pages\/66"}],"collection":[{"href":"http:\/\/regiosaatgut-nrw.de\/index.php?rest_route=\/wp\/v2\/pages"}],"about":[{"href":"http:\/\/regiosaatgut-nrw.de\/index.php?rest_route=\/wp\/v2\/types\/page"}],"author":[{"embeddable":true,"href":"http:\/\/regiosaatgut-nrw.de\/index.php?rest_route=\/wp\/v2\/users\/1"}],"replies":[{"embeddable":true,"href":"http:\/\/regiosaatgut-nrw.de\/index.php?rest_route=%2Fwp%2Fv2%2Fcomments&post=66"}],"version-history":[{"count":14,"href":"http:\/\/regiosaatgut-nrw.de\/index.php?rest_route=\/wp\/v2\/pages\/66\/revisions"}],"predecessor-version":[{"id":123,"href":"http:\/\/regiosaatgut-nrw.de\/index.php?rest_route=\/wp\/v2\/pages\/66\/revisions\/123"}],"wp:attachment":[{"href":"http:\/\/regiosaatgut-nrw.de\/index.php?rest_route=%2Fwp%2Fv2%2Fmedia&parent=66"}],"curies":[{"name":"wp","href":"https:\/\/api.w.org\/{rel}","templated":true}]}}